{"id":2834,"date":"2023-11-17T17:51:57","date_gmt":"2023-11-17T16:51:57","guid":{"rendered":"https:\/\/dasistderweg.com\/?page_id=2834"},"modified":"2025-04-03T19:47:20","modified_gmt":"2025-04-03T17:47:20","slug":"testimonial","status":"publish","type":"page","link":"https:\/\/dasistderweg.com\/home\/testimonial\/","title":{"rendered":"Testimonials"},"content":{"rendered":"\n<p class=\"has-text-align-center\">&#8222;Ich bin tief ber\u00fchrt von Deiner Arbeitsweise und Deiner sanften und verst\u00e4ndnisvollen Herangehensweise! Du bleibst dennoch voll auf den Punkt und packst, meiner Meinung nach, sofort am Ursprung des Gef\u00fchls\/der Blockade an. Es macht Spass Dir zu zuh\u00f6ren und zu zusehen, Alleine vom Beobachten kann ich ganz viel f\u00fcr mich mitnehmen. Dankesch\u00f6n das Du mich hast teilhaben lassen.&#8220; <\/p>\n\n\n\n<p class=\"has-text-align-center\"><em>Stefanie<\/em><\/p>\n\n\n\n<div style=\"height:100px\" aria-hidden=\"true\" class=\"wp-block-spacer\"><\/div>\n\n\n\n<p class=\"has-text-align-center\">&#8222;Ich kam zu Aaron f\u00fcr eine Logosynthese Sitzung zu einem Thema mit dem ich mich schon sehr lange klein gehalten und in meinem authentischen Ausdruck gehemmt habe. In nur 45 Minuten konnten wir es so in der Tiefe l\u00f6sen, dass ich richtig gesp\u00fcrt habe, wie eine gro\u00dfe Last von mir abgefallen ist.<br>Ich konnte danach sp\u00fcrbar anders in meiner Gr\u00f6\u00dfe, Macht und Authentizit\u00e4t stehen und durchs Leben gehen.<br>So simpel und doch Wirkungsvoll! Ich kann Aaron\u2019s Arbeit guten Gewissens weiter empfehlen.&#8220;<br><em>Anna-Lena<\/em><\/p>\n\n\n\n<div style=\"height:100px\" aria-hidden=\"true\" class=\"wp-block-spacer\"><\/div>\n\n\n\n<div class=\"wp-block-media-text is-stacked-on-mobile is-vertically-aligned-top\" style=\"grid-template-columns:19% auto\"><figure class=\"wp-block-media-text__media\"><img loading=\"lazy\" decoding=\"async\" width=\"719\" height=\"721\" src=\"https:\/\/dasistderweg.com\/wp-content\/uploads\/2025\/03\/Ronny-Ramesh.png\" alt=\"\" class=\"wp-image-3195 size-full\" srcset=\"https:\/\/dasistderweg.com\/wp-content\/uploads\/2025\/03\/Ronny-Ramesh.png 719w, https:\/\/dasistderweg.com\/wp-content\/uploads\/2025\/03\/Ronny-Ramesh-300x300.png 300w, https:\/\/dasistderweg.com\/wp-content\/uploads\/2025\/03\/Ronny-Ramesh-150x150.png 150w\" sizes=\"auto, (max-width: 719px) 100vw, 719px\" \/><\/figure><div class=\"wp-block-media-text__content\">\n<p class=\"has-text-align-center\">&#8222;Danke f\u00fcr die Klarheit in deiner Begleitung. Hier l\u00f6sen sich Themen die unl\u00f6sbar schienen, ohne Schmerz,<br>Trauma und Drama. Stattdessen f\u00fcllt und n\u00e4hrt sich mein inner Raum essenziell.<br>&#8222;Es kam richtig viel in Bewegung. Und es f\u00fchlt sich gut an. Viele Themen die wir angeschaut haben zerfallen regelrecht &#8211; manchmal herausfordernd, doch die BewusstseinsQualit\u00e4t dahinter ist immer wieder zu sp\u00fcren und tr\u00e4gt weiter. Ich freue mich auf die n\u00e4chste Session mit Dir. Auch hierzu hat sich die Tage nochmal kristallisiert welche Themen anstehen, was ich mir anschauen m\u00f6chte. Ich bin total dankbar, so ein klares gegen\u00fcber zu haben. Thank you. Herzliche Gr\u00fc\u00dfe&#8220;<br><em><a href=\"http:\/\/www.ronnyhiess.de\">Ronny Hiess<\/a><\/em> &#8211; Initiator f\u00fcr Bewusstseins-Prozesse, nonduales Bewusstsein und gelebtes Leben.<\/p>\n<\/div><\/div>\n\n\n\n<div style=\"height:100px\" aria-hidden=\"true\" class=\"wp-block-spacer\"><\/div>\n\n\n\n<div class=\"wp-block-media-text has-media-on-the-right is-stacked-on-mobile is-vertically-aligned-top\" style=\"grid-template-columns:auto 19%\"><div class=\"wp-block-media-text__content\">\n<p class=\"has-text-align-center\">\u00a0Mit dem Feedback habe ich ein riesiges Problem, weil ich es einfach nicht mit Worten beschreiben kann. Mir Pers\u00f6nlich ist es enorm wichtig, dass ich mich sicher f\u00fchlen kann, meinem Coach einiger Ma\u00dfen vertrauen kann und ich wirklich, wirklich so sein darf, wie ich in den Moment bin. Und bei dir war es so. Ich war so erstaunt, was\u00a0 alles dadurch an die Oberfl\u00e4che kommen konnte, was ich auch aussprach ohne die Angst, wie du es beurteilen k\u00f6nntest. Oft haben mich meine Antworten auf deine Fragen verwirrt, doch du konntest immer Klarheit schaffen. Es war auch interessant, mich durch deine Sicht zu betrachten. Ich habe dadurch mehr Selbstliebe und Selbstbewusstsein entwickeln und f\u00fchlen k\u00f6nnen&#8230; ah, und das sind nur ein paar Anteile von dem ganzen. Das kann man nicht so einfach ausdr\u00fccken&#8230; das muss man erleben \ud83e\udd37\ud83c\udffc\u200d\u2640\ufe0f\ud83d\ude01<br><em>Katalin Szehr<\/em><\/p>\n<\/div><figure class=\"wp-block-media-text__media\"><img loading=\"lazy\" decoding=\"async\" width=\"720\" height=\"720\" src=\"https:\/\/dasistderweg.com\/wp-content\/uploads\/2025\/04\/photo_2025-04-03_12-14-11.png\" alt=\"\" class=\"wp-image-3221 size-full\" srcset=\"https:\/\/dasistderweg.com\/wp-content\/uploads\/2025\/04\/photo_2025-04-03_12-14-11.png 720w, https:\/\/dasistderweg.com\/wp-content\/uploads\/2025\/04\/photo_2025-04-03_12-14-11-300x300.png 300w, https:\/\/dasistderweg.com\/wp-content\/uploads\/2025\/04\/photo_2025-04-03_12-14-11-150x150.png 150w\" sizes=\"auto, (max-width: 720px) 100vw, 720px\" \/><\/figure><\/div>\n\n\n\n<div style=\"height:100px\" aria-hidden=\"true\" class=\"wp-block-spacer\"><\/div>\n\n\n\n<p class=\"has-text-align-center has-contrast-color has-text-color has-link-color wp-elements-ec0df7415b444aeb98797db825225c9e\">&#8222;Danke, Aaron!<br>Nicht nur f\u00fcr die Gedichte, sondern auch und ganz besonders f\u00fcr dein Sein und Wirken! \ud83d\ude0a\ud83d\ude4f\ud83c\udffc<br>Es war mal wieder eine Freude, deinem Kreis beizuwohnen und die von dir gef\u00fchrte Licht-Energie-Meditation zu erfahren.. \u2728<br>Und spannend und angenehm zugleich war es auch.. Trotz der anf\u00e4nglichen &#8222;An-Spannung&#8220;.. \ud83d\ude0c<br>Und Danke auch, an alle anderen Beteiligten und (technisch\/organisatorisch Verantwortlichen rund um diesen sch\u00f6nen Kreis!&#8220;<\/p>\n\n\n\n<p class=\"has-text-align-center has-contrast-color has-text-color has-link-color wp-elements-7238557ce6c63f399c382707d5a37ded\"><em>Christian<\/em><\/p>\n\n\n\n<div style=\"height:100px\" aria-hidden=\"true\" class=\"wp-block-spacer\"><\/div>\n\n\n\n<div class=\"wp-block-media-text is-stacked-on-mobile is-vertically-aligned-top\" style=\"grid-template-columns:19% auto\"><figure class=\"wp-block-media-text__media\"><img loading=\"lazy\" decoding=\"async\" width=\"853\" height=\"854\" src=\"https:\/\/dasistderweg.com\/wp-content\/uploads\/2025\/04\/Nicole-Wiese.png\" alt=\"\" class=\"wp-image-3228 size-full\" srcset=\"https:\/\/dasistderweg.com\/wp-content\/uploads\/2025\/04\/Nicole-Wiese.png 853w, https:\/\/dasistderweg.com\/wp-content\/uploads\/2025\/04\/Nicole-Wiese-300x300.png 300w, https:\/\/dasistderweg.com\/wp-content\/uploads\/2025\/04\/Nicole-Wiese-150x150.png 150w, https:\/\/dasistderweg.com\/wp-content\/uploads\/2025\/04\/Nicole-Wiese-768x769.png 768w\" sizes=\"auto, (max-width: 853px) 100vw, 853px\" \/><\/figure><div class=\"wp-block-media-text__content\">\n<p class=\"has-text-align-center\">&#8222;Die Pr\u00e4senz dieses wundervollen Menschen ist immer wieder beeindruckend f\u00fcr mich zu sehen! Diese Ruhe, dieser Frieden, einfach toll!&#8220; <br>&#8222;Am 13.06.2023 war ich zum ersten Mal in Deinem Raum im Open Circle Event.<br>Ich war sehr neugierig und wollte die Atmosph\u00e4re bei Dir als Reflektor mal erleben und wurde sehr \u00fcberrascht.\u2728 Zu dem Zeitpunkt lief es nicht besonders gut in meinem Leben,<br>ich f\u00fchlte mich \u00fcberhaupt nicht gut an diesem Tag und als Du mit einer anderen Teilnehmerin in Deinem Raum arbeitetest, f\u00fchlte ich, wie sehr mich das Thema \u201eIch bin Schuld\u201c belastete.<br>Ich habe diese W\u00e4rme durch dein Wirken sp\u00fcren k\u00f6nnen und dadurch dieses Thema f\u00fcr mich weitestgehend bearbeiten und l\u00f6sen k\u00f6nnen. \u2728\u2665\ufe0f Deine ruhige, f\u00fchlende und wissende Art ist einmalig.<br>Ich danke Dir von Herzen f\u00fcr dein Wirken und empfehle jedem hier, mal zu Dir in den Raum zu gehen und\/oder sich von Dir begleiten zu lassen, denn es ist wahrlich magisch!! \u2728\ud83e\udd70\ud83e\udd17 Danke \ud83d\ude4f\ud83c\udffb&#8220; <br><em>Nicole<\/em> <em>Wiese<\/em><\/p>\n<\/div><\/div>\n\n\n\n<div style=\"height:100px\" aria-hidden=\"true\" class=\"wp-block-spacer\"><\/div>\n\n\n\n<p class=\"has-text-align-center\">Lieber Aaron,<br>ich durfte heute zum ersten Mal Dein Sein erfahren im Transformations Circle und bin so dankbar<br>f\u00fcr das Thema was sich bei mir und den anderen Teilnehmenden gezeigt hat und sich l\u00f6sen durfte.<br>Was ich besonders wahrnehmen konnte war Deine positive \u201em\u00e4nnliche Energie\u201c!<br>Du hast den Raum mit so viel m\u00e4nnlicher Sicherheit, innerer Ruhe und zus\u00e4tzlicher Herzensw\u00e4rme gehalten,<br>sodass man sich absolut sicher und wertgesch\u00e4tzt f\u00fchlen konnte.<br>Danke daf\u00fcr \u2665\ufe0f<br>\u00d6znur<\/p>\n\n\n\n<div style=\"height:100px\" aria-hidden=\"true\" class=\"wp-block-spacer\"><\/div>\n\n\n\n<p>Tausend Dank f\u00fcr das heutige wundervolle Lagerfeuer mit Aaron und Markus\ud83d\ude4f\ud83d\ude4f\ud83d\ude4f. F\u00fcr mich war es wirklich voll mit Wunder. Wie ich vor einigen Monaten berichtet hatte, habe ich spontan meinen Job gek\u00fcndigt. Das war Mitte Februar. Vier Tage danach habe ich eine Einladung zu einem Vorstellungsgespr\u00e4ch erhalten, wo Mitte Dezember Bewerbungsschluss war. Die Stelle hatte ich abgeschrieben, \u00fcberhaupt nicht mehr auf dem Schirm gehabt. Jedenfalls hatte ich mich dort vorgestellt und ein paar Stunden sp\u00e4ter die m\u00fcndliche Zusage bekommen. Da die Stelle im \u00f6ffentlichen Diest ist, musste die Entscheidung von einem Gremium abgesegnet werden. Das hie\u00df f\u00fcr mich: warten\u2026zittern\u2026ist noch nicht fest\ud83d\ude48. Nach 2,5 Wochen habe ich die Personalerin angeschrieben. Sie sagte mir dann, nach ein paar Tagen, dass das Einstellungsangebot an mich raus geht. Das hie\u00df f\u00fcr mich: freuen..es klappt. Ich will diese Stelle unbedingt haben, weil ich mich in dem Gespr\u00e4ch mega wohl gef\u00fchlt habe und ich, ich sein konnte, kein Verstellen, ich mit meiner kompletten Art inkl. meiner Lockerheit und meinen Spr\u00fcchen. Dann kam letzte Woche der Brief. Ich muss zum Amtsarzt. Ich wieder: Panik\ud83d\ude48\u2026liegt auch daran, weil ich mein Check-Up dieses Jahr hatte, und Einiges gefunden wurde\u2026seit letzten Donnerstag habe ich eine Riesenangst in mir\u2026klar hab ich Logosynthese angewandt, aber nix tat sich\u2026und was soll ich sagen: heute im Lagerfeuer hat mich Aaron begleitet, einen Satz adressiert, an den ich \u00fcberhaupt nicht gedacht habe, obwohl er so naheliegend war, und seitdem f\u00fchle ich wieder mein Leuchten\ud83d\ude0d erneut tausend Dank daf\u00fcr \ud83d\ude4f\ud83d\ude4f\ud83d\ude4fvielen lieben Dank auch an alle, die dabei waren. Wie gesagt, es war ein wundervoller Raum\u2764\ufe0f die Personalerin hatte letzten Donnerstag mit mir schon einen Termin zur Vertragsunterzeichnung gemacht, wo ich nur dachte, naja, sie ist aber optimistisch\u2026ich muss ja noch den Arzttest bestehen\u2026nach dem heutigen Lagerfeuer bin ich es nun auch \ud83d\ude01 ich bin grad voller Dankbarkeit, dass ich schon gar nicht wei\u00df, wie ich es angemessen zum Ausdruck bringen kann\u2026ich kann mich nur wiederholen: DANKE DANKE DANKE \ud83d\ude4f\ud83d\ude4f\ud83d\ude4f\ud83d\udc96\ud83d\udc96\ud83d\udc96<br>Bojana<\/p>\n\n\n\n<div style=\"height:100px\" aria-hidden=\"true\" class=\"wp-block-spacer\"><\/div>\n\n\n\n<p class=\"has-text-align-center\">&#8222;Danke f\u00fcr diesen wieder sehr wertvollen Raum. Du kannst klar f\u00fchren, hast die richtigen Worte und Fragen.<br>Die Menschen f\u00fchlen sich sicher bei dir und gut abgeholt und begleitet.&#8220;<br><em>Daniela<\/em><\/p>\n","protected":false},"excerpt":{"rendered":"<p>&#8222;Ich bin tief ber\u00fchrt von Deiner Arbeitsweise und Deiner sanften und verst\u00e4ndnisvollen Herangehensweise! Du bleibst dennoch voll auf den Punkt und packst, meiner Meinung nach, sofort am Ursprung des Gef\u00fchls\/der Blockade an. Es macht Spass Dir zu zuh\u00f6ren und zu zusehen, Alleine vom Beobachten kann ich ganz viel f\u00fcr mich mitnehmen. Dankesch\u00f6n das Du mich &#8230; <a title=\"Testimonials\" class=\"read-more\" href=\"https:\/\/dasistderweg.com\/home\/testimonial\/\" aria-label=\"Mehr Informationen \u00fcber Testimonials\">Weiterlesen<\/a><\/p>\n","protected":false},"author":2,"featured_media":0,"parent":0,"menu_order":0,"comment_status":"open","ping_status":"closed","template":"","meta":{"footnotes":""},"class_list":["post-2834","page","type-page","status-publish"],"_links":{"self":[{"href":"https:\/\/dasistderweg.com\/home\/wp-json\/wp\/v2\/pages\/2834","targetHints":{"allow":["GET"]}}],"collection":[{"href":"https:\/\/dasistderweg.com\/home\/wp-json\/wp\/v2\/pages"}],"about":[{"href":"https:\/\/dasistderweg.com\/home\/wp-json\/wp\/v2\/types\/page"}],"author":[{"embeddable":true,"href":"https:\/\/dasistderweg.com\/home\/wp-json\/wp\/v2\/users\/2"}],"replies":[{"embeddable":true,"href":"https:\/\/dasistderweg.com\/home\/wp-json\/wp\/v2\/comments?post=2834"}],"version-history":[{"count":28,"href":"https:\/\/dasistderweg.com\/home\/wp-json\/wp\/v2\/pages\/2834\/revisions"}],"predecessor-version":[{"id":3231,"href":"https:\/\/dasistderweg.com\/home\/wp-json\/wp\/v2\/pages\/2834\/revisions\/3231"}],"wp:attachment":[{"href":"https:\/\/dasistderweg.com\/home\/wp-json\/wp\/v2\/media?parent=2834"}],"curies":[{"name":"wp","href":"https:\/\/api.w.org\/{rel}","templated":true}]}}